{"id":8,"date":"2025-08-11T18:49:18","date_gmt":"2025-08-11T18:49:18","guid":{"rendered":"https:\/\/thetrusty.eu\/?page_id=8"},"modified":"2026-04-25T14:54:40","modified_gmt":"2026-04-25T14:54:40","slug":"home","status":"publish","type":"page","link":"https:\/\/thetrusty.eu\/fr\/","title":{"rendered":"Home"},"content":{"rendered":"<div data-elementor-type=\"wp-post\" data-elementor-id=\"8\" class=\"elementor elementor-8\" data-elementor-post-type=\"page\">\n\t\t\t\t<div class=\"elementor-element elementor-element-476408b e-con-full e-flex e-con e-parent\" data-id=\"476408b\" data-element_type=\"container\" data-e-type=\"container\" data-settings=\"{&quot;background_background&quot;:&quot;gradient&quot;}\">\n\t\t<div class=\"elementor-element elementor-element-87b7c3e e-flex e-con-boxed e-con e-child\" data-id=\"87b7c3e\" data-element_type=\"container\" data-e-type=\"container\">\n\t\t\t\t\t<div class=\"e-con-inner\">\n\t\t\t\t<div class=\"elementor-element elementor-element-7296c4b animated-slow elementor-invisible elementor-widget elementor-widget-heading\" data-id=\"7296c4b\" data-element_type=\"widget\" data-e-type=\"widget\" data-settings=\"{&quot;_animation&quot;:&quot;fadeInUp&quot;}\" data-widget_type=\"heading.default\">\n\t\t\t\t\t<h1 class=\"elementor-heading-title elementor-size-default\">Un chemin s\u00fbr et \u00e9thique pour trouver votre partenaire de vie<\/h1>\t\t\t\t<\/div>\n\t\t\t\t<div class=\"elementor-element elementor-element-5761e1d elementor-widget elementor-widget-text-editor\" data-id=\"5761e1d\" data-element_type=\"widget\" data-e-type=\"widget\" data-widget_type=\"text-editor.default\">\n\t\t\t\t\t\t\t\t\t<p>Respect. Confidentialit\u00e9. Honn\u00eatet\u00e9 absolue. Ensemble, nous rapprochons les c\u0153urs avec respect et selon des valeurs communes afin de vous aider \u00e0 trouver le bon partenaire pour la vie.<\/p>\t\t\t\t\t\t\t\t<\/div>\n\t\t\t\t<div class=\"elementor-element elementor-element-83aa529 animated-slow elementor-invisible elementor-widget elementor-widget-button\" data-id=\"83aa529\" data-element_type=\"widget\" data-e-type=\"widget\" data-settings=\"{&quot;_animation&quot;:&quot;fadeInUp&quot;,&quot;_animation_delay&quot;:0.3}\" data-widget_type=\"button.default\">\n\t\t\t\t\t\t\t\t\t\t<a class=\"elementor-button elementor-button-link elementor-size-sm\" href=\"#\">\n\t\t\t\t\t\t<span class=\"elementor-button-content-wrapper\">\n\t\t\t\t\t\t\t\t\t<span class=\"elementor-button-text\">En savoir plus<\/span>\n\t\t\t\t\t<\/span>\n\t\t\t\t\t<\/a>\n\t\t\t\t\t\t\t\t<\/div>\n\t\t\t\t\t<\/div>\n\t\t\t\t<\/div>\n\t\t\t\t<\/div>\n\t\t<div class=\"elementor-element elementor-element-b510b6b e-con-full e-flex e-con e-parent\" data-id=\"b510b6b\" data-element_type=\"container\" data-e-type=\"container\">\n\t\t\t\t<div class=\"elementor-element elementor-element-3fff0e4 elementor-widget elementor-widget-spacer\" data-id=\"3fff0e4\" data-element_type=\"widget\" data-e-type=\"widget\" data-widget_type=\"spacer.default\">\n\t\t\t\t\t\t\t<div class=\"elementor-spacer\">\n\t\t\t<div class=\"elementor-spacer-inner\"><\/div>\n\t\t<\/div>\n\t\t\t\t\t\t<\/div>\n\t\t\t\t<\/div>\n\t\t<div class=\"elementor-element elementor-element-236463d e-flex e-con-boxed e-con e-parent\" data-id=\"236463d\" data-element_type=\"container\" data-e-type=\"container\">\n\t\t\t\t\t<div class=\"e-con-inner\">\n\t\t\t\t<div class=\"elementor-element elementor-element-4667413 elementor-invisible elementor-widget elementor-widget-heading\" data-id=\"4667413\" data-element_type=\"widget\" data-e-type=\"widget\" data-settings=\"{&quot;_animation&quot;:&quot;fadeInUp&quot;}\" data-widget_type=\"heading.default\">\n\t\t\t\t\t<h2 class=\"elementor-heading-title elementor-size-default\">Pourquoi The Trusty existe<\/h2>\t\t\t\t<\/div>\n\t\t\t\t<div class=\"elementor-element elementor-element-14e9181 elementor-widget elementor-widget-text-editor\" data-id=\"14e9181\" data-element_type=\"widget\" data-e-type=\"widget\" data-widget_type=\"text-editor.default\">\n\t\t\t\t\t\t\t\t\t<p>Parce que les personnes ne sont pas des marchandises. Nous avons cr\u00e9\u00e9 un espace s\u00fbr et respectueux pour trouver le bon partenaire, guid\u00e9 par l\u2019\u00e9thique et la v\u00e9rit\u00e9.<\/p>\t\t\t\t\t\t\t\t<\/div>\n\t\t<div class=\"elementor-element elementor-element-2ab1ce4 e-flex e-con-boxed e-con e-child\" data-id=\"2ab1ce4\" data-element_type=\"container\" data-e-type=\"container\" data-settings=\"{&quot;background_background&quot;:&quot;classic&quot;}\">\n\t\t\t\t\t<div class=\"e-con-inner\">\n\t\t\t\t<div class=\"elementor-element elementor-element-794345a elementor-widget elementor-widget-text-editor\" data-id=\"794345a\" data-element_type=\"widget\" data-e-type=\"widget\" data-widget_type=\"text-editor.default\">\n\t\t\t\t\t\t\t\t\t<p data-source-pos=\"675:10-679:14\" data-source-name=\"p\">Parce que vous n\u2019\u00eates pas un objet \u00e0 choisir parmi d\u2019autres. Nous respectons votre vie priv\u00e9e et vous valorisons, que vous soyez une femme ou un homme. C\u2019est pourquoi nous avons cr\u00e9\u00e9 un espace s\u00fbr pour rechercher un partenaire de mani\u00e8re respectueuse et conforme \u00e0 nos valeurs.<\/p><p data-source-pos=\"680:10-687:14\" data-source-name=\"p\">Avec vous et pour vous, nous souhaitons devenir la premi\u00e8re plateforme capable de rapprocher les c\u0153urs et de trouver le bon partenaire pour chaque situation. Nous demandons donc une honn\u00eatet\u00e9 totale dans les informations fournies. Nous ne pouvons pas les v\u00e9rifier et de fausses informations peuvent causer des probl\u00e8mes plus tard. Soyez honn\u00eate afin que nous puissions vous aider \u00e0 trouver le bon partenaire pour la vie. C\u2019est notre objectif.<\/p>\t\t\t\t\t\t\t\t<\/div>\n\t\t\t\t<div class=\"elementor-element elementor-element-fde2897 elementor-widget-divider--view-line elementor-widget elementor-widget-divider\" data-id=\"fde2897\" data-element_type=\"widget\" data-e-type=\"widget\" data-widget_type=\"divider.default\">\n\t\t\t\t\t\t\t<div class=\"elementor-divider\">\n\t\t\t<span class=\"elementor-divider-separator\">\n\t\t\t\t\t\t<\/span>\n\t\t<\/div>\n\t\t\t\t\t\t<\/div>\n\t\t<div class=\"elementor-element elementor-element-18cad3e e-con-full e-flex e-con e-child\" data-id=\"18cad3e\" data-element_type=\"container\" data-e-type=\"container\">\n\t\t<div class=\"elementor-element elementor-element-e8c2b4c e-con-full animated-fast e-flex elementor-invisible e-con e-child\" data-id=\"e8c2b4c\" data-element_type=\"container\" data-e-type=\"container\" data-settings=\"{&quot;background_background&quot;:&quot;classic&quot;,&quot;animation&quot;:&quot;fadeInUp&quot;,&quot;animation_delay&quot;:0.3}\">\n\t\t\t\t<div class=\"elementor-element elementor-element-de89b95 elementor-widget elementor-widget-heading\" data-id=\"de89b95\" data-element_type=\"widget\" data-e-type=\"widget\" data-widget_type=\"heading.default\">\n\t\t\t\t\t<h4 class=\"elementor-heading-title elementor-size-default\">respect<\/h4>\t\t\t\t<\/div>\n\t\t\t\t<div class=\"elementor-element elementor-element-3cd5959 elementor-widget elementor-widget-text-editor\" data-id=\"3cd5959\" data-element_type=\"widget\" data-e-type=\"widget\" data-widget_type=\"text-editor.default\">\n\t\t\t\t\t\t\t\t\t<p>Nous traitons chaque personne avec dignit\u00e9 et respect.<\/p>\t\t\t\t\t\t\t\t<\/div>\n\t\t\t\t<\/div>\n\t\t<div class=\"elementor-element elementor-element-f255673 e-con-full e-flex elementor-invisible e-con e-child\" data-id=\"f255673\" data-element_type=\"container\" data-e-type=\"container\" data-settings=\"{&quot;background_background&quot;:&quot;classic&quot;,&quot;animation&quot;:&quot;fadeInUp&quot;,&quot;animation_delay&quot;:0.3}\">\n\t\t\t\t<div class=\"elementor-element elementor-element-9437f5f elementor-widget elementor-widget-heading\" data-id=\"9437f5f\" data-element_type=\"widget\" data-e-type=\"widget\" data-widget_type=\"heading.default\">\n\t\t\t\t\t<h4 class=\"elementor-heading-title elementor-size-default\">Confidentialit\u00e9<\/h4>\t\t\t\t<\/div>\n\t\t\t\t<div class=\"elementor-element elementor-element-4241a84 elementor-widget elementor-widget-text-editor\" data-id=\"4241a84\" data-element_type=\"widget\" data-e-type=\"widget\" data-widget_type=\"text-editor.default\">\n\t\t\t\t\t\t\t\t\t<p>Vos donn\u00e9es sont g\u00e9r\u00e9es de mani\u00e8re responsable.<\/p>\t\t\t\t\t\t\t\t<\/div>\n\t\t\t\t<\/div>\n\t\t<div class=\"elementor-element elementor-element-a52a73e e-con-full animated-slow e-flex elementor-invisible e-con e-child\" data-id=\"a52a73e\" data-element_type=\"container\" data-e-type=\"container\" data-settings=\"{&quot;background_background&quot;:&quot;classic&quot;,&quot;animation&quot;:&quot;fadeInUp&quot;,&quot;animation_delay&quot;:0.3}\">\n\t\t\t\t<div class=\"elementor-element elementor-element-b4b7ce0 elementor-widget elementor-widget-heading\" data-id=\"b4b7ce0\" data-element_type=\"widget\" data-e-type=\"widget\" data-widget_type=\"heading.default\">\n\t\t\t\t\t<h4 class=\"elementor-heading-title elementor-size-default\">Honn\u00eatet\u00e9<\/h4>\t\t\t\t<\/div>\n\t\t\t\t<div class=\"elementor-element elementor-element-58d09a9 elementor-widget elementor-widget-text-editor\" data-id=\"58d09a9\" data-element_type=\"widget\" data-e-type=\"widget\" data-widget_type=\"text-editor.default\">\n\t\t\t\t\t\t\t\t\t<p>Une honn\u00eatet\u00e9 totale garantit des correspondances justes.<\/p>\t\t\t\t\t\t\t\t<\/div>\n\t\t\t\t<\/div>\n\t\t\t\t<\/div>\n\t\t\t\t\t<\/div>\n\t\t\t\t<\/div>\n\t\t\t\t\t<\/div>\n\t\t\t\t<\/div>\n\t\t<div class=\"elementor-element elementor-element-107a034 e-con-full e-flex e-con e-parent\" data-id=\"107a034\" data-element_type=\"container\" data-e-type=\"container\">\n\t\t\t\t<div class=\"elementor-element elementor-element-420a5d2 elementor-widget elementor-widget-spacer\" data-id=\"420a5d2\" data-element_type=\"widget\" data-e-type=\"widget\" data-widget_type=\"spacer.default\">\n\t\t\t\t\t\t\t<div class=\"elementor-spacer\">\n\t\t\t<div class=\"elementor-spacer-inner\"><\/div>\n\t\t<\/div>\n\t\t\t\t\t\t<\/div>\n\t\t\t\t<\/div>\n\t\t<div class=\"elementor-element elementor-element-a06f89d e-flex e-con-boxed e-con e-parent\" data-id=\"a06f89d\" data-element_type=\"container\" data-e-type=\"container\" data-settings=\"{&quot;background_background&quot;:&quot;gradient&quot;}\">\n\t\t\t\t\t<div class=\"e-con-inner\">\n\t\t<div class=\"elementor-element elementor-element-31c0228 e-flex e-con-boxed e-con e-child\" data-id=\"31c0228\" data-element_type=\"container\" data-e-type=\"container\" data-settings=\"{&quot;background_background&quot;:&quot;classic&quot;,&quot;animation&quot;:&quot;none&quot;}\">\n\t\t\t\t\t<div class=\"e-con-inner\">\n\t\t\t\t<div class=\"elementor-element elementor-element-7c1ec5c elementor-invisible elementor-widget elementor-widget-heading\" data-id=\"7c1ec5c\" data-element_type=\"widget\" data-e-type=\"widget\" data-settings=\"{&quot;_animation&quot;:&quot;fadeInUp&quot;}\" data-widget_type=\"heading.default\">\n\t\t\t\t\t<h3 class=\"elementor-heading-title elementor-size-default\">Nous recrutons !<\/h3>\t\t\t\t<\/div>\n\t\t\t\t<div class=\"elementor-element elementor-element-b087ab6 elementor-widget elementor-widget-text-editor\" data-id=\"b087ab6\" data-element_type=\"widget\" data-e-type=\"widget\" data-widget_type=\"text-editor.default\">\n\t\t\t\t\t\t\t\t\t<p data-start=\"60\" data-end=\"119\">Sp\u00e9cialisation: <strong>Relations sociales<\/strong><\/p><p data-start=\"121\" data-end=\"164\"><strong>Exigences<\/strong> Les qualifications professionnelles comprennent :<\/p><ol data-start=\"165\" data-end=\"549\"><li data-start=\"165\" data-end=\"217\"><p data-start=\"168\" data-end=\"217\">Dipl\u00f4me secondaire minimum<\/p><\/li><li data-start=\"218\" data-end=\"247\"><p data-start=\"221\" data-end=\"247\">Engagement total<\/p><\/li><li data-start=\"248\" data-end=\"315\"><p data-start=\"251\" data-end=\"315\">Experience in dealing with clients and managing conversations.<\/p><\/li><li data-start=\"316\" data-end=\"392\"><p data-start=\"319\" data-end=\"392\">Respecting clients\u2019 privacy and speaking appropriately during meetings.<\/p><\/li><li data-start=\"393\" data-end=\"428\"><p data-start=\"396\" data-end=\"428\">Experience in using computers.<\/p><\/li><li data-start=\"429\" data-end=\"515\"><p data-start=\"432\" data-end=\"515\">Professional evaluation of situations and understanding the client\u2019s personality.<\/p><\/li><li data-start=\"516\" data-end=\"549\"><p data-start=\"519\" data-end=\"549\">Age between 20 and 45 years.<\/p><\/li><\/ol>\t\t\t\t\t\t\t\t<\/div>\n\t\t\t\t<div class=\"elementor-element elementor-element-08870bd elementor-widget elementor-widget-button\" data-id=\"08870bd\" data-element_type=\"widget\" data-e-type=\"widget\" data-widget_type=\"button.default\">\n\t\t\t\t\t\t\t\t\t\t<a class=\"elementor-button elementor-button-link elementor-size-sm\" href=\"http:\/\/thetrusty.eu\/fr\/hiring\/\">\n\t\t\t\t\t\t<span class=\"elementor-button-content-wrapper\">\n\t\t\t\t\t\t\t\t\t<span class=\"elementor-button-text\">Apply!<\/span>\n\t\t\t\t\t<\/span>\n\t\t\t\t\t<\/a>\n\t\t\t\t\t\t\t\t<\/div>\n\t\t\t\t\t<\/div>\n\t\t\t\t<\/div>\n\t\t\t\t\t<\/div>\n\t\t\t\t<\/div>\n\t\t<div class=\"elementor-element elementor-element-a20ba38 e-con-full e-flex e-con e-parent\" data-id=\"a20ba38\" data-element_type=\"container\" data-e-type=\"container\">\n\t\t\t\t<div class=\"elementor-element elementor-element-80bbbcc elementor-widget elementor-widget-spacer\" data-id=\"80bbbcc\" data-element_type=\"widget\" data-e-type=\"widget\" data-widget_type=\"spacer.default\">\n\t\t\t\t\t\t\t<div class=\"elementor-spacer\">\n\t\t\t<div class=\"elementor-spacer-inner\"><\/div>\n\t\t<\/div>\n\t\t\t\t\t\t<\/div>\n\t\t\t\t<\/div>\n\t\t\t\t<\/div>","protected":false},"excerpt":{"rendered":"<p>A Safe, Ethical Path to Find Your Life Partner Respect. Privacy. Absolute honesty. Together, we bring hearts together politely and in line with shared values to help you meet the right partner for a lifetime. Learn more Why The Trusty Exist Because people aren\u2019t commodities. We created a safe, respectful place to search for the [&hellip;]<\/p>\n","protected":false},"author":1,"featured_media":0,"parent":0,"menu_order":0,"comment_status":"closed","ping_status":"closed","template":"","meta":{"om_disable_all_campaigns":false,"_monsterinsights_skip_tracking":false,"_monsterinsights_sitenote_active":false,"_monsterinsights_sitenote_note":"","_monsterinsights_sitenote_category":0,"footnotes":""},"class_list":["post-8","page","type-page","status-publish","hentry"],"aioseo_notices":[],"_links":{"self":[{"href":"https:\/\/thetrusty.eu\/fr\/wp-json\/wp\/v2\/pages\/8","targetHints":{"allow":["GET"]}}],"collection":[{"href":"https:\/\/thetrusty.eu\/fr\/wp-json\/wp\/v2\/pages"}],"about":[{"href":"https:\/\/thetrusty.eu\/fr\/wp-json\/wp\/v2\/types\/page"}],"author":[{"embeddable":true,"href":"https:\/\/thetrusty.eu\/fr\/wp-json\/wp\/v2\/users\/1"}],"replies":[{"embeddable":true,"href":"https:\/\/thetrusty.eu\/fr\/wp-json\/wp\/v2\/comments?post=8"}],"version-history":[{"count":62,"href":"https:\/\/thetrusty.eu\/fr\/wp-json\/wp\/v2\/pages\/8\/revisions"}],"predecessor-version":[{"id":266,"href":"https:\/\/thetrusty.eu\/fr\/wp-json\/wp\/v2\/pages\/8\/revisions\/266"}],"wp:attachment":[{"href":"https:\/\/thetrusty.eu\/fr\/wp-json\/wp\/v2\/media?parent=8"}],"curies":[{"name":"wp","href":"https:\/\/api.w.org\/{rel}","templated":true}]}}